{"id":249,"date":"2026-04-27T09:31:17","date_gmt":"2026-04-27T09:31:17","guid":{"rendered":"https:\/\/eizoshop.dk\/?post_type=product&#038;p=249"},"modified":"2026-04-27T11:08:52","modified_gmt":"2026-04-27T11:08:52","slug":"249","status":"publish","type":"product","link":"https:\/\/eizoshop.dk\/index.php\/vare\/249\/","title":{"rendered":"Komplet tryghed"},"content":{"rendered":"<h1 class=\"ds-markdown-paragraph\">White Glove Service<\/h1>\n<p>F\u00e5 din Eizo-sk\u00e6rm leveret, pakket ud og professionelt kalibreret \u2013 uden l\u00f8ft eller besv\u00e6r.<br \/>\nLevering i hele Danmark, ops\u00e6tning efter branchestandard eller efter dine \u00f8nsker og milj\u00f8rigtig bortskaffelse af emballage.<br \/>\nDu m\u00e6rker ikke andet end forskellen i farven\u00f8jagtighed \ud83d\ude42<\/p>\n<ul>\n<li>\n<p class=\"ds-markdown-paragraph\">Levering i hele Danmark<\/p>\n<\/li>\n<li>\n<p class=\"ds-markdown-paragraph\">Udpakning og ops\u00e6tning<\/p>\n<\/li>\n<li>\n<p class=\"ds-markdown-paragraph\">Professionel kalibrering af din Eizo med Colornavigator<\/p>\n<\/li>\n<li>\n<p class=\"ds-markdown-paragraph\">Milj\u00f8rigtig bortskaffelse af al emballage<\/p>\n<\/li>\n<li>\n<p class=\"ds-markdown-paragraph\">Klar til brug \u2013 ingen pap eller plast tilbage<\/p>\n<\/li>\n<\/ul>\n","protected":false},"excerpt":{"rendered":"<p>White Glove Service F\u00e5 din Eizo-sk\u00e6rm leveret, pakket ud og professionelt kalibreret \u2013 uden l\u00f8ft eller besv\u00e6r. Levering i hele&#8230;<\/p>\n","protected":false},"featured_media":251,"template":"","meta":{"_acf_changed":false},"product_brand":[45],"product_cat":[17,44],"product_tag":[],"class_list":{"0":"post-249","1":"product","2":"type-product","3":"status-publish","4":"has-post-thumbnail","6":"product_brand-workflow","7":"product_cat-eizo-coloredge","8":"product_cat-support","10":"first","11":"instock","12":"taxable","13":"shipping-taxable","14":"purchasable","15":"product-type-simple"},"acf":[],"_links":{"self":[{"href":"https:\/\/eizoshop.dk\/index.php\/wp-json\/wp\/v2\/product\/249","targetHints":{"allow":["GET"]}}],"collection":[{"href":"https:\/\/eizoshop.dk\/index.php\/wp-json\/wp\/v2\/product"}],"about":[{"href":"https:\/\/eizoshop.dk\/index.php\/wp-json\/wp\/v2\/types\/product"}],"wp:featuredmedia":[{"embeddable":true,"href":"https:\/\/eizoshop.dk\/index.php\/wp-json\/wp\/v2\/media\/251"}],"wp:attachment":[{"href":"https:\/\/eizoshop.dk\/index.php\/wp-json\/wp\/v2\/media?parent=249"}],"wp:term":[{"taxonomy":"product_brand","embeddable":true,"href":"https:\/\/eizoshop.dk\/index.php\/wp-json\/wp\/v2\/product_brand?post=249"},{"taxonomy":"product_cat","embeddable":true,"href":"https:\/\/eizoshop.dk\/index.php\/wp-json\/wp\/v2\/product_cat?post=249"},{"taxonomy":"product_tag","embeddable":true,"href":"https:\/\/eizoshop.dk\/index.php\/wp-json\/wp\/v2\/product_tag?post=249"}],"curies":[{"name":"wp","href":"https:\/\/api.w.org\/{rel}","templated":true}]}}