{"id":279,"date":"2026-04-27T11:45:00","date_gmt":"2026-04-27T11:45:00","guid":{"rendered":"https:\/\/eizoshop.dk\/?page_id=279"},"modified":"2026-04-28T13:00:17","modified_gmt":"2026-04-28T13:00:17","slug":"om-os","status":"publish","type":"page","link":"https:\/\/eizoshop.dk\/index.php\/om-os\/","title":{"rendered":"Om os"},"content":{"rendered":"\t\t<div data-elementor-type=\"wp-page\" data-elementor-id=\"279\" class=\"elementor elementor-279\">\n\t\t\t\t<div class=\"elementor-element elementor-element-5b43a8f1 e-flex e-con-boxed e-con e-parent\" data-id=\"5b43a8f1\" data-element_type=\"container\" data-e-type=\"container\">\n\t\t\t\t\t<div class=\"e-con-inner\">\n\t\t\t\t<div class=\"elementor-element elementor-element-53607603 elementor-widget elementor-widget-text-editor\" data-id=\"53607603\" data-element_type=\"widget\" data-e-type=\"widget\" data-widget_type=\"text-editor.default\">\n\t\t\t\t\t\t\t\t\t\n<div class=\"wp-block-spacer\" style=\"height: var(--wp--preset--spacing--10);\" aria-hidden=\"true\">\n<div class=\"wp-block-column\" style=\"flex-basis: 60%;\">\n<figure class=\"wp-block-image size-full\"><strong>EIZOshop er en specialiseret del af Workflow \u2013 en virksomhed, der siden 2006 har hjulpet fotografer, designere og andre billedprofessionelle med at arbejde smartere og mere pr\u00e6cist<\/strong><\/figure>\n<\/div>\n<\/div>\n\n<div class=\"wp-block-columns is-layout-flex wp-container-core-columns-is-layout-9d6595d7 wp-block-columns-is-layout-flex\">\n<div class=\"wp-block-column\" style=\"flex-basis: 100%;\">\n<div class=\"wp-block-group alignfull\" style=\"margin-top: 0; margin-bottom: 0; padding: calc( 0.5 * var(--wp--style--root--padding-right, var(--wp--custom--gap--horizontal))) var(--wp--style--root--padding-right, var(--wp--custom--gap--horizontal)) calc( 0.5 * var(--wp--style--root--padding-right, var(--wp--custom--gap--horizontal))) var(--wp--style--root--padding-left, var(--wp--custom--gap--horizontal));\">\n<div class=\"wp-block-columns alignwide is-layout-flex wp-container-core-columns-is-layout-9d6595d7 wp-block-columns-is-layout-flex\">\n<div class=\"wp-block-column is-layout-flow wp-block-column-is-layout-flow\">\n<p id=\"block-eece5e9d-9155-4ada-ab36-e8489737c661\">Bag Workflow st\u00e5r <strong>Brian Rasmussen<\/strong>, Adobe Certified Expert &amp; Instructor med mere end 20 \u00e5rs erfaring i den grafiske branche. Brian har gennem \u00e5rene opbygget en enest\u00e5ende forst\u00e5else for, hvad der skal til for at skabe et billedarbejde, man kan stole p\u00e5 \u2013 fra kameraets r\u00e5fil til den f\u00e6rdige udskrift. Det er denne viden, EIZOshop bygger p\u00e5.<\/p>\n\n<p id=\"block-96525c47-e341-48e1-9551-26699af9cc75\">Vi ved, at en EIZO ColorEdge-sk\u00e6rm er et professionelt v\u00e6rkt\u00f8j, der kun udfolder sit fulde potentiale, hvis den s\u00e6ttes rigtigt op. Derfor tilbyder vi ikke blot levering, men ogs\u00e5 <strong>udpakning, ops\u00e6tning og kalibrering<\/strong> \u2013 s\u00e5 du er klar til at arbejde fra dag \u00e9t, uden besv\u00e6r og uden usikkerhed om farverne.<\/p>\n\n<p id=\"block-6ea69a41-6cb8-4cf0-8a56-e801c2589468\">Hvor end du befinder dig i Danmark, kan vi s\u00f8rger for, at din sk\u00e6rm er klar \u2013 lige d\u00e9r, hvor du arbejder.<\/p>\n\n<p id=\"block-8b87d40c-60d3-4928-b4fa-1c649a1d0bd7\"><strong>Vi s\u00e6lger ikke kun sk\u00e6rme. Vi leverer en f\u00e6rdig l\u00f8sning.<\/strong><br \/>Fordi din tid er bedre brugt p\u00e5 at skabe end p\u00e5 teknik.<\/p>\n<details class=\"wp-block-details is-layout-flow wp-block-details-is-layout-flow\">\n<summary>Kontaktdata (klik)<\/summary>\n\n<p>EIZOshop<br \/>v\/ Workflow<br \/>Gammel K\u00f8ge Landevej 55, 5. sal, 5.13B<br \/>2500 Valby<br \/>Tlf.: 60 77 04 65<br \/>salg@workflow.dk<br \/>CVR: DK20188847<\/p>\n<\/details><\/div>\n<\/div>\n<!-- \/wp:columns --><!-- wp:spacer {\"height\":\"calc( 0.25 * var(\\u002d\\u002dwp\\u002d\\u002dstyle\\u002d\\u002droot\\u002d\\u002dpadding-right, var(\\u002d\\u002dwp\\u002d\\u002dcustom\\u002d\\u002dgap\\u002d\\u002dhorizontal)))\"} -->\n<div class=\"wp-block-spacer\" style=\"height: calc( 0.25 * var(--wp--style--root--padding-right, var(--wp--custom--gap--horizontal)));\" aria-hidden=\"true\">\u00a0<\/div>\n<!-- \/wp:spacer --><\/div>\n<!-- \/wp:group --><\/div>\n<!-- \/wp:column --><\/div>\n<!-- \/wp:columns --><!-- wp:spacer {\"height\":\"var:preset|spacing|10\"} -->\n<div class=\"wp-block-spacer\" style=\"height: var(--wp--preset--spacing--10);\" aria-hidden=\"true\">\u00a0<\/div>\n<!-- \/wp:spacer -->\t\t\t\t\t\t\t\t<\/div>\n\t\t\t\t\t<\/div>\n\t\t\t\t<\/div>\n\t\t\t\t<\/div>\n\t\t","protected":false},"excerpt":{"rendered":"<p>Bag Workflow st\u00e5r Brian Rasmussen, Adobe Certified Expert &amp; Instructor med mere end 20 \u00e5rs erfaring i den grafiske branche&#8230;.<\/p>\n","protected":false},"author":1,"featured_media":0,"parent":0,"menu_order":0,"comment_status":"closed","ping_status":"closed","template":"","meta":{"_acf_changed":false,"footnotes":""},"class_list":["post-279","page","type-page","status-publish","hentry"],"acf":[],"_links":{"self":[{"href":"https:\/\/eizoshop.dk\/index.php\/wp-json\/wp\/v2\/pages\/279","targetHints":{"allow":["GET"]}}],"collection":[{"href":"https:\/\/eizoshop.dk\/index.php\/wp-json\/wp\/v2\/pages"}],"about":[{"href":"https:\/\/eizoshop.dk\/index.php\/wp-json\/wp\/v2\/types\/page"}],"author":[{"embeddable":true,"href":"https:\/\/eizoshop.dk\/index.php\/wp-json\/wp\/v2\/users\/1"}],"replies":[{"embeddable":true,"href":"https:\/\/eizoshop.dk\/index.php\/wp-json\/wp\/v2\/comments?post=279"}],"version-history":[{"count":13,"href":"https:\/\/eizoshop.dk\/index.php\/wp-json\/wp\/v2\/pages\/279\/revisions"}],"predecessor-version":[{"id":336,"href":"https:\/\/eizoshop.dk\/index.php\/wp-json\/wp\/v2\/pages\/279\/revisions\/336"}],"wp:attachment":[{"href":"https:\/\/eizoshop.dk\/index.php\/wp-json\/wp\/v2\/media?parent=279"}],"curies":[{"name":"wp","href":"https:\/\/api.w.org\/{rel}","templated":true}]}}